 
{"id":1005,"date":"2026-01-13T09:06:55","date_gmt":"2026-01-13T08:06:55","guid":{"rendered":"https:\/\/capy.the-woodstock.com\/?page_id=1005"},"modified":"2026-01-13T10:57:07","modified_gmt":"2026-01-13T09:57:07","slug":"mentions-legales","status":"publish","type":"page","link":"https:\/\/capy.the-woodstock.com\/?page_id=1005","title":{"rendered":"Mentions l\u00e9gales"},"content":{"rendered":"<p data-start=\"380\" data-end=\"697\"><strong data-start=\"380\" data-end=\"392\">SAS CAPY<\/strong><br data-start=\"392\" data-end=\"395\" \/><br \/>\nSoci\u00e9t\u00e9 par Actions Simplifi\u00e9e (SAS)<br data-start=\"431\" data-end=\"434\" \/><br \/>\nCapital social : 3 500 000 \u20ac <br data-start=\"500\" data-end=\"503\" \/><br \/>\nSi\u00e8ge social : 436 Avenue de l\u2019A\u00e9rodrome,<br data-start=\"544\" data-end=\"547\" \/><br \/>\n33260 La Teste-de-Buch \u2013 France <br data-start=\"616\" data-end=\"619\" \/><br \/>\n<br data-start=\"668\" data-end=\"671\" \/><br \/>\nSite web : <i>sascapy.com<\/i><\/p>\n<p data-start=\"380\" data-end=\"697\">Immatricul\u00e9e au Registre du Commerce et des Soci\u00e9t\u00e9s (RCS) de <strong data-start=\"761\" data-end=\"773\">Bordeaux<\/strong> sous le num\u00e9ro <strong data-start=\"789\" data-end=\"804\">850 213 877<\/strong><\/p>\n<p data-start=\"699\" data-end=\"1121\">Num\u00e9ro SIRET (si\u00e8ge) : <strong data-start=\"868\" data-end=\"889\">850 213 877 00010<\/strong><br data-start=\"927\" data-end=\"930\" \/><br \/>\nNum\u00e9ro de TVA intracommunautaire : <strong data-start=\"965\" data-end=\"983\">FR65 850213877<\/strong><br data-start=\"1021\" data-end=\"1024\" \/><br \/>\nCode NAF \/ APE : <strong data-start=\"1041\" data-end=\"1083\">38.32Z \u2013 R\u00e9cup\u00e9ration de d\u00e9chets tri\u00e9s<\/strong><\/p>\n<p data-start=\"1123\" data-end=\"1227\">Directeur de la publication : <strong data-start=\"1153\" data-end=\"1178\">Monsieur Bernard CAPY<\/strong>, Pr\u00e9sident<\/p>\n<h2 data-start=\"1229\" data-end=\"1256\"><strong data-start=\"1232\" data-end=\"1256\">2. H\u00e9bergeur du site<\/strong><\/h2>\n<p data-start=\"1257\" data-end=\"1439\">Le site est h\u00e9berg\u00e9 par :<br data-start=\"1282\" data-end=\"1285\" \/><br \/>\n<strong data-start=\"1285\" data-end=\"1307\">Nom de l\u2019h\u00e9bergeur<\/strong> : <em data-start=\"1310\" data-end=\"1323\">OVH<\/em><br data-start=\"1323\" data-end=\"1326\" \/><br \/>\n\u00a0<\/p>\n<h2 data-start=\"1558\" data-end=\"1592\"><strong data-start=\"1561\" data-end=\"1592\">3. Propri\u00e9t\u00e9 intellectuelle<\/strong><\/h2>\n<p data-start=\"1593\" data-end=\"1860\">L\u2019ensemble des contenus pr\u00e9sents sur ce site (textes, images, logos, \u00e9l\u00e9ments graphiques, vid\u00e9os, ressources t\u00e9l\u00e9chargeables) est la propri\u00e9t\u00e9 exclusive de <strong data-start=\"1749\" data-end=\"1761\">SAS CAPY<\/strong> ou de ses partenaires, et est prot\u00e9g\u00e9 par les dispositions du Code de la propri\u00e9t\u00e9 intellectuelle.<\/p>\n<p data-start=\"1862\" data-end=\"2095\">Toute reproduction, repr\u00e9sentation, modification, publication ou adaptation, sous quelque forme que ce soit, de tout ou partie de ces \u00e9l\u00e9ments, sans autorisation pr\u00e9alable \u00e9crite de la soci\u00e9t\u00e9 <strong data-start=\"2055\" data-end=\"2067\">SAS CAPY<\/strong>, est strictement interdite.<\/p>\n<h2 data-start=\"2097\" data-end=\"2127\"><strong data-start=\"2100\" data-end=\"2127\">4. Donn\u00e9es personnelles<\/strong><\/h2>\n<p data-start=\"2128\" data-end=\"2395\">Conform\u00e9ment \u00e0 la r\u00e9glementation en vigueur (dont le RGPD), les informations recueillies sur ce site via les formulaires ne sont utilis\u00e9es que dans le cadre des finalit\u00e9s indiqu\u00e9es \u00e0 l\u2019utilisateur au moment de la saisie et sont destin\u00e9es exclusivement \u00e0 <strong data-start=\"2382\" data-end=\"2394\">SAS CAPY<\/strong>.<\/p>\n<p data-start=\"2397\" data-end=\"2675\">Les utilisateurs disposent d\u2019un droit d\u2019acc\u00e8s, de rectification, d\u2019opposition, de suppression et de portabilit\u00e9 des donn\u00e9es personnelles les concernant.<br data-start=\"2549\" data-end=\"2552\" \/><br \/>\nPour exercer ces droits ou pour toute question relative \u00e0 la protection de vos donn\u00e9es, contactez : <em data-start=\"2652\" data-end=\"2674\">adresse email d\u00e9di\u00e9e<\/em>.<\/p>\n<h2 data-start=\"2677\" data-end=\"2694\"><strong data-start=\"2680\" data-end=\"2694\">5. Cookies<\/strong><\/h2>\n<p data-start=\"2695\" data-end=\"2960\">Lors de la visite du site, des cookies peuvent \u00eatre d\u00e9pos\u00e9s automatiquement sur l\u2019ordinateur de l\u2019utilisateur. Ils sont utilis\u00e9s pour am\u00e9liorer l\u2019exp\u00e9rience utilisateur, mesurer l\u2019audience ou pour des fonctions strictement n\u00e9cessaires au bon fonctionnement du site.<\/p>\n<p data-start=\"2962\" data-end=\"3046\">L\u2019utilisateur peut \u00e0 tout moment configurer son navigateur pour refuser les cookies.<\/p>\n<h2 data-start=\"3048\" data-end=\"3072\"><strong data-start=\"3051\" data-end=\"3072\">6. Responsabilit\u00e9<\/strong><\/h2>\n<p data-start=\"3073\" data-end=\"3256\">SAS CAPY s\u2019efforce d\u2019assurer la fiabilit\u00e9 et la mise \u00e0 jour des informations diffus\u00e9es sur son site, mais ne peut garantir l\u2019exactitude, la compl\u00e9tude, ou l\u2019actualisation des donn\u00e9es.<\/p>\n<p data-start=\"3258\" data-end=\"3394\">La soci\u00e9t\u00e9 d\u00e9cline toute responsabilit\u00e9 quant \u00e0 l\u2019utilisation qui pourrait \u00eatre faite des informations et contenus pr\u00e9sents sur ce site.<\/p>\n<h2 data-start=\"3396\" data-end=\"3420\"><strong data-start=\"3399\" data-end=\"3420\">7. Loi applicable<\/strong><\/h2>\n<p data-start=\"3421\" data-end=\"3559\">Les pr\u00e9sentes mentions l\u00e9gales sont r\u00e9gies par le droit fran\u00e7ais. En cas de litige, les juridictions fran\u00e7aises seront seules comp\u00e9tentes.<\/p>\n","protected":false},"excerpt":{"rendered":"<p>SAS CAPY Soci\u00e9t\u00e9 par Actions Simplifi\u00e9e (SAS) Capital social : 3 500 000 \u20ac Si\u00e8ge social : 436 Avenue de l\u2019A\u00e9rodrome, 33260 La Teste-de-Buch \u2013 France Site web : sascapy.com Immatricul\u00e9e au Registre du Commerce et des Soci\u00e9t\u00e9s (RCS) de Bordeaux sous le num\u00e9ro 850 213 877 Num\u00e9ro SIRET (si\u00e8ge) : 850 213 877 00010 [&hellip;]<\/p>\n","protected":false},"author":1,"featured_media":0,"parent":0,"menu_order":0,"comment_status":"closed","ping_status":"closed","template":"template\/tplt-mentions.php","meta":{"_acf_changed":false,"footnotes":""},"class_list":["post-1005","page","type-page","status-publish","hentry"],"acf":[],"yoast_head":"<!-- This site is optimized with the Yoast SEO plugin v26.8 - https:\/\/yoast.com\/product\/yoast-seo-wordpress\/ -->\n<title>Mentions l\u00e9gales - SAS Capy<\/title>\n<meta name=\"robots\" content=\"noindex, follow, max-snippet:-1, max-image-preview:large, max-video-preview:-1\" \/>\n<meta property=\"og:locale\" content=\"fr_FR\" \/>\n<meta property=\"og:type\" content=\"article\" \/>\n<meta property=\"og:title\" content=\"Mentions l\u00e9gales - SAS Capy\" \/>\n<meta property=\"og:description\" content=\"SAS CAPY Soci\u00e9t\u00e9 par Actions Simplifi\u00e9e (SAS) Capital social : 3 500 000 \u20ac Si\u00e8ge social : 436 Avenue de l\u2019A\u00e9rodrome, 33260 La Teste-de-Buch \u2013 France Site web : sascapy.com Immatricul\u00e9e au Registre du Commerce et des Soci\u00e9t\u00e9s (RCS) de Bordeaux sous le num\u00e9ro 850 213 877 Num\u00e9ro SIRET (si\u00e8ge) : 850 213 877 00010 [&hellip;]\" \/>\n<meta property=\"og:url\" content=\"https:\/\/capy.the-woodstock.com\/?page_id=1005\" \/>\n<meta property=\"og:site_name\" content=\"SAS Capy\" \/>\n<meta property=\"article:modified_time\" content=\"2026-01-13T09:57:07+00:00\" \/>\n<meta name=\"twitter:card\" content=\"summary_large_image\" \/>\n<meta name=\"twitter:label1\" content=\"Dur\u00e9e de lecture estim\u00e9e\" \/>\n\t<meta name=\"twitter:data1\" content=\"2 minutes\" \/>\n<script type=\"application\/ld+json\" class=\"yoast-schema-graph\">{\"@context\":\"https:\/\/schema.org\",\"@graph\":[{\"@type\":\"WebPage\",\"@id\":\"https:\/\/capy.the-woodstock.com\/?page_id=1005\",\"url\":\"https:\/\/capy.the-woodstock.com\/?page_id=1005\",\"name\":\"Mentions l\u00e9gales - SAS Capy\",\"isPartOf\":{\"@id\":\"https:\/\/capy.the-woodstock.com\/#website\"},\"datePublished\":\"2026-01-13T08:06:55+00:00\",\"dateModified\":\"2026-01-13T09:57:07+00:00\",\"breadcrumb\":{\"@id\":\"https:\/\/capy.the-woodstock.com\/?page_id=1005#breadcrumb\"},\"inLanguage\":\"fr-FR\",\"potentialAction\":[{\"@type\":\"ReadAction\",\"target\":[\"https:\/\/capy.the-woodstock.com\/?page_id=1005\"]}]},{\"@type\":\"BreadcrumbList\",\"@id\":\"https:\/\/capy.the-woodstock.com\/?page_id=1005#breadcrumb\",\"itemListElement\":[{\"@type\":\"ListItem\",\"position\":1,\"name\":\"Accueil\",\"item\":\"https:\/\/capy.the-woodstock.com\/\"},{\"@type\":\"ListItem\",\"position\":2,\"name\":\"Mentions l\u00e9gales\"}]},{\"@type\":\"WebSite\",\"@id\":\"https:\/\/capy.the-woodstock.com\/#website\",\"url\":\"https:\/\/capy.the-woodstock.com\/\",\"name\":\"SAS Capy\",\"description\":\"\",\"potentialAction\":[{\"@type\":\"SearchAction\",\"target\":{\"@type\":\"EntryPoint\",\"urlTemplate\":\"https:\/\/capy.the-woodstock.com\/?s={search_term_string}\"},\"query-input\":{\"@type\":\"PropertyValueSpecification\",\"valueRequired\":true,\"valueName\":\"search_term_string\"}}],\"inLanguage\":\"fr-FR\"}]}<\/script>\n<!-- \/ Yoast SEO plugin. -->","yoast_head_json":{"title":"Mentions l\u00e9gales - SAS Capy","robots":{"index":"noindex","follow":"follow","max-snippet":"max-snippet:-1","max-image-preview":"max-image-preview:large","max-video-preview":"max-video-preview:-1"},"og_locale":"fr_FR","og_type":"article","og_title":"Mentions l\u00e9gales - SAS Capy","og_description":"SAS CAPY Soci\u00e9t\u00e9 par Actions Simplifi\u00e9e (SAS) Capital social : 3 500 000 \u20ac Si\u00e8ge social : 436 Avenue de l\u2019A\u00e9rodrome, 33260 La Teste-de-Buch \u2013 France Site web : sascapy.com Immatricul\u00e9e au Registre du Commerce et des Soci\u00e9t\u00e9s (RCS) de Bordeaux sous le num\u00e9ro 850 213 877 Num\u00e9ro SIRET (si\u00e8ge) : 850 213 877 00010 [&hellip;]","og_url":"https:\/\/capy.the-woodstock.com\/?page_id=1005","og_site_name":"SAS Capy","article_modified_time":"2026-01-13T09:57:07+00:00","twitter_card":"summary_large_image","twitter_misc":{"Dur\u00e9e de lecture estim\u00e9e":"2 minutes"},"schema":{"@context":"https:\/\/schema.org","@graph":[{"@type":"WebPage","@id":"https:\/\/capy.the-woodstock.com\/?page_id=1005","url":"https:\/\/capy.the-woodstock.com\/?page_id=1005","name":"Mentions l\u00e9gales - SAS Capy","isPartOf":{"@id":"https:\/\/capy.the-woodstock.com\/#website"},"datePublished":"2026-01-13T08:06:55+00:00","dateModified":"2026-01-13T09:57:07+00:00","breadcrumb":{"@id":"https:\/\/capy.the-woodstock.com\/?page_id=1005#breadcrumb"},"inLanguage":"fr-FR","potentialAction":[{"@type":"ReadAction","target":["https:\/\/capy.the-woodstock.com\/?page_id=1005"]}]},{"@type":"BreadcrumbList","@id":"https:\/\/capy.the-woodstock.com\/?page_id=1005#breadcrumb","itemListElement":[{"@type":"ListItem","position":1,"name":"Accueil","item":"https:\/\/capy.the-woodstock.com\/"},{"@type":"ListItem","position":2,"name":"Mentions l\u00e9gales"}]},{"@type":"WebSite","@id":"https:\/\/capy.the-woodstock.com\/#website","url":"https:\/\/capy.the-woodstock.com\/","name":"SAS Capy","description":"","potentialAction":[{"@type":"SearchAction","target":{"@type":"EntryPoint","urlTemplate":"https:\/\/capy.the-woodstock.com\/?s={search_term_string}"},"query-input":{"@type":"PropertyValueSpecification","valueRequired":true,"valueName":"search_term_string"}}],"inLanguage":"fr-FR"}]}},"_links":{"self":[{"href":"https:\/\/capy.the-woodstock.com\/index.php?rest_route=\/wp\/v2\/pages\/1005","targetHints":{"allow":["GET"]}}],"collection":[{"href":"https:\/\/capy.the-woodstock.com\/index.php?rest_route=\/wp\/v2\/pages"}],"about":[{"href":"https:\/\/capy.the-woodstock.com\/index.php?rest_route=\/wp\/v2\/types\/page"}],"author":[{"embeddable":true,"href":"https:\/\/capy.the-woodstock.com\/index.php?rest_route=\/wp\/v2\/users\/1"}],"replies":[{"embeddable":true,"href":"https:\/\/capy.the-woodstock.com\/index.php?rest_route=%2Fwp%2Fv2%2Fcomments&post=1005"}],"version-history":[{"count":3,"href":"https:\/\/capy.the-woodstock.com\/index.php?rest_route=\/wp\/v2\/pages\/1005\/revisions"}],"predecessor-version":[{"id":1019,"href":"https:\/\/capy.the-woodstock.com\/index.php?rest_route=\/wp\/v2\/pages\/1005\/revisions\/1019"}],"wp:attachment":[{"href":"https:\/\/capy.the-woodstock.com\/index.php?rest_route=%2Fwp%2Fv2%2Fmedia&parent=1005"}],"curies":[{"name":"wp","href":"https:\/\/api.w.org\/{rel}","templated":true}]}}